{"id":1439,"date":"2024-05-20T11:59:23","date_gmt":"2024-05-20T11:59:23","guid":{"rendered":"https:\/\/linventeur.group\/?page_id=1439"},"modified":"2026-02-17T19:59:06","modified_gmt":"2026-02-17T19:59:06","slug":"bibliographie","status":"publish","type":"page","link":"https:\/\/linventeur.group\/en\/bibliographie\/","title":{"rendered":"Bibliography"},"content":{"rendered":"<div data-elementor-type=\"wp-page\" data-elementor-id=\"1439\" class=\"elementor elementor-1439\">\n\t\t\t\t<div class=\"elementor-element elementor-element-553de30 e-flex e-con-boxed e-con e-parent\" data-id=\"553de30\" data-element_type=\"container\">\n\t\t\t\t\t<div class=\"e-con-inner\">\n\t\t<div class=\"elementor-element elementor-element-423bb83 e-flex e-con-boxed e-con e-child\" data-id=\"423bb83\" data-element_type=\"container\">\n\t\t\t\t\t<div class=\"e-con-inner\">\n\t\t<div class=\"elementor-element elementor-element-f704c57 e-con-full e-flex e-con e-child\" data-id=\"f704c57\" data-element_type=\"container\">\n\t\t\t\t<div class=\"elementor-element elementor-element-24fc6b2 elementor-widget elementor-widget-image\" data-id=\"24fc6b2\" data-element_type=\"widget\" data-widget_type=\"image.default\">\n\t\t\t\t<div class=\"elementor-widget-container\">\n\t\t\t<style>\/*! elementor - v3.21.0 - 08-05-2024 *\/\n.elementor-widget-image{text-align:center}.elementor-widget-image a{display:inline-block}.elementor-widget-image a img[src$=\".svg\"]{width:48px}.elementor-widget-image img{vertical-align:middle;display:inline-block}<\/style>\t\t\t\t\t\t\t\t\t\t\t<a href=\"https:\/\/linventeur.group\/en\/\">\n\t\t\t\t\t\t\t<img decoding=\"async\" width=\"525\" height=\"88\" src=\"https:\/\/linventeur.group\/wp-content\/uploads\/2024\/05\/linventeur-01-1-1024x172.png\" class=\"attachment-large size-large wp-image-1424\" alt=\"\" srcset=\"https:\/\/linventeur.group\/wp-content\/uploads\/2024\/05\/linventeur-01-1-1024x172.png 1024w, https:\/\/linventeur.group\/wp-content\/uploads\/2024\/05\/linventeur-01-1-300x50.png 300w, https:\/\/linventeur.group\/wp-content\/uploads\/2024\/05\/linventeur-01-1-768x129.png 768w, https:\/\/linventeur.group\/wp-content\/uploads\/2024\/05\/linventeur-01-1-1536x258.png 1536w, https:\/\/linventeur.group\/wp-content\/uploads\/2024\/05\/linventeur-01-1-2048x344.png 2048w\" sizes=\"(max-width: 525px) 100vw, 525px\" \/>\t\t\t\t\t\t\t\t<\/a>\n\t\t\t\t\t\t\t\t\t\t\t\t\t<\/div>\n\t\t\t\t<\/div>\n\t\t\t\t<\/div>\n\t\t<div class=\"elementor-element elementor-element-0e9169b e-con-full switch elementor-hidden-tablet elementor-hidden-mobile e-flex e-con e-child\" data-id=\"0e9169b\" data-element_type=\"container\">\n\t\t\t\t<div class=\"elementor-element elementor-element-83e1735 elementor-widget elementor-widget-shortcode\" data-id=\"83e1735\" data-element_type=\"widget\" data-widget_type=\"shortcode.default\">\n\t\t\t\t<div class=\"elementor-widget-container\">\n\t\t\t\t\t<div class=\"elementor-shortcode\"><div class=\"trp_language_switcher_shortcode\">\n<div class=\"trp-language-switcher trp-language-switcher-container\" data-no-translation>\n    <div class=\"trp-ls-shortcode-current-language\">\n        <a href=\"#\" class=\"trp-ls-shortcode-disabled-language trp-ls-disabled-language\" title=\"English\" onclick=\"event.preventDefault()\">\n\t\t\t<img decoding=\"async\" class=\"trp-flag-image\" src=\"https:\/\/linventeur.group\/wp-content\/plugins\/translatepress-multilingual\/assets\/images\/flags\/en_GB.png\" width=\"18\" height=\"12\" alt=\"en_GB\" title=\"English\"> English\t\t<\/a>\n    <\/div>\n    <div class=\"trp-ls-shortcode-language\">\n                <a href=\"#\" class=\"trp-ls-shortcode-disabled-language trp-ls-disabled-language\"  title=\"English\" onclick=\"event.preventDefault()\">\n\t\t\t<img decoding=\"async\" class=\"trp-flag-image\" src=\"https:\/\/linventeur.group\/wp-content\/plugins\/translatepress-multilingual\/assets\/images\/flags\/en_GB.png\" width=\"18\" height=\"12\" alt=\"en_GB\" title=\"English\"> English\t\t<\/a>\n                    <a href=\"https:\/\/linventeur.group\/en\/wp-json\/wp\/v2\/pages\/1439\" title=\"French\">\n            <img decoding=\"async\" class=\"trp-flag-image\" src=\"https:\/\/linventeur.group\/wp-content\/plugins\/translatepress-multilingual\/assets\/images\/flags\/fr_FR.png\" width=\"18\" height=\"12\" alt=\"fr_FR\" title=\"French\"> French        <\/a>\n\n            <a href=\"https:\/\/linventeur.group\/en\/wp-json\/wp\/v2\/pages\/1439\" title=\"Arabic\">\n            <img loading=\"lazy\" decoding=\"async\" class=\"trp-flag-image\" src=\"https:\/\/linventeur.group\/wp-content\/plugins\/translatepress-multilingual\/assets\/images\/flags\/ar.png\" width=\"18\" height=\"12\" alt=\"ar\" title=\"Arabic\"> Arabic        <\/a>\n\n        <\/div>\n    <script type=\"application\/javascript\">\n        \/\/ need to have the same with set from JS on both divs. Otherwise it can push stuff around in HTML\n        var trp_ls_shortcodes = document.querySelectorAll('.trp_language_switcher_shortcode .trp-language-switcher');\n        if ( trp_ls_shortcodes.length > 0) {\n            \/\/ get the last language switcher added\n            var trp_el = trp_ls_shortcodes[trp_ls_shortcodes.length - 1];\n\n            var trp_shortcode_language_item = trp_el.querySelector( '.trp-ls-shortcode-language' )\n            \/\/ set width\n            var trp_ls_shortcode_width                                               = trp_shortcode_language_item.offsetWidth + 16;\n            trp_shortcode_language_item.style.width                                  = trp_ls_shortcode_width + 'px';\n            trp_el.querySelector( '.trp-ls-shortcode-current-language' ).style.width = trp_ls_shortcode_width + 'px';\n\n            \/\/ We're putting this on display: none after we have its width.\n            trp_shortcode_language_item.style.display = 'none';\n        }\n    <\/script>\n<\/div>\n<\/div><\/div>\n\t\t\t\t<\/div>\n\t\t\t\t<\/div>\n\t\t\t\t<\/div>\n\t\t\t\t\t<\/div>\n\t\t\t\t<\/div>\n\t\t\t\t\t<\/div>\n\t\t\t\t<\/div>\n\t\t<div class=\"elementor-element elementor-element-a6450ed e-flex e-con-boxed e-con e-parent\" data-id=\"a6450ed\" data-element_type=\"container\">\n\t\t\t\t\t<div class=\"e-con-inner\">\n\t\t<div class=\"elementor-element elementor-element-db613a2 e-con-full e-flex e-con e-child\" data-id=\"db613a2\" data-element_type=\"container\">\n\t\t\t\t<div class=\"elementor-element elementor-element-d148075 elementor-invisible elementor-widget elementor-widget-heading\" data-id=\"d148075\" data-element_type=\"widget\" data-settings=\"{&quot;_animation&quot;:&quot;fadeInUp&quot;}\" data-widget_type=\"heading.default\">\n\t\t\t\t<div class=\"elementor-widget-container\">\n\t\t\t<style>\/*! elementor - v3.21.0 - 08-05-2024 *\/\n.elementor-heading-title{padding:0;margin:0;line-height:1}.elementor-widget-heading .elementor-heading-title[class*=elementor-size-]>a{color:inherit;font-size:inherit;line-height:inherit}.elementor-widget-heading .elementor-heading-title.elementor-size-small{font-size:15px}.elementor-widget-heading .elementor-heading-title.elementor-size-medium{font-size:19px}.elementor-widget-heading .elementor-heading-title.elementor-size-large{font-size:29px}.elementor-widget-heading .elementor-heading-title.elementor-size-xl{font-size:39px}.elementor-widget-heading .elementor-heading-title.elementor-size-xxl{font-size:59px}<\/style><h1 class=\"elementor-heading-title elementor-size-default\">Amor Haouani<\/h1>\t\t<\/div>\n\t\t\t\t<\/div>\n\t\t\t\t<div class=\"elementor-element elementor-element-cd57a58 elementor-invisible elementor-widget elementor-widget-text-editor\" data-id=\"cd57a58\" data-element_type=\"widget\" data-settings=\"{&quot;_animation&quot;:&quot;fadeInUp&quot;}\" data-widget_type=\"text-editor.default\">\n\t\t\t\t<div class=\"elementor-widget-container\">\n\t\t\t<style>\/*! elementor - v3.21.0 - 08-05-2024 *\/\n.elementor-widget-text-editor.elementor-drop-cap-view-stacked .elementor-drop-cap{background-color:#69727d;color:#fff}.elementor-widget-text-editor.elementor-drop-cap-view-framed .elementor-drop-cap{color:#69727d;border:3px solid;background-color:transparent}.elementor-widget-text-editor:not(.elementor-drop-cap-view-default) .elementor-drop-cap{margin-top:8px}.elementor-widget-text-editor:not(.elementor-drop-cap-view-default) .elementor-drop-cap-letter{width:1em;height:1em}.elementor-widget-text-editor .elementor-drop-cap{float:left;text-align:center;line-height:1;font-size:50px}.elementor-widget-text-editor .elementor-drop-cap-letter{display:inline-block}<\/style>\t\t\t\t<p>Il \u00e9tait une fois, dans les ann\u00e9es 70 et 80, un enfant dont les yeux p\u00e9tillaient \u00e0 la vue de tout ce qui \u00e9tait \u00e9lectronique. Ce petit g\u00e9nie, c&#8217;\u00e9tait moi. D\u00e8s mon plus jeune \u00e2ge, je me plaisais \u00e0 d\u00e9monter et r\u00e9parer les machines, \u00e9merveill\u00e9 par les rouages et les circuits qui les animaient. Cette passion pour la technologie m&#8217;a permis d&#8217;analyser les syst\u00e8mes de l&#8217;\u00e9poque et de r\u00eaver \u00e0 des solutions bien plus efficaces.<\/p><p>\u00c0 l&#8217;\u00e2ge de 13 ans, j&#8217;avais d\u00e9j\u00e0 ma\u00eetris\u00e9 l&#8217;art de capter l&#8217;\u00e9nergie solaire, une prouesse pour un si jeune esprit. Mon parcours scolaire s&#8217;est naturellement orient\u00e9 vers l&#8217;\u00e9lectrotechnique, o\u00f9 j&#8217;ai d\u00e9couvert que la technologie de l&#8217;\u00e9poque n&#8217;\u00e9tait qu&#8217;\u00e0 ses balbutiements. Mes professeurs, impressionn\u00e9s par mon inventivit\u00e9, m&#8217;ont encourag\u00e9 \u00e0 poursuivre sur cette voie. \u00c0 16 ans, j&#8217;\u00e9tais dans les journaux pour avoir invent\u00e9 une imprimante, une v\u00e9ritable r\u00e9volution pour l&#8217;\u00e9poque.<\/p><p>Mon d\u00e9sir d&#8217;apprendre ne s&#8217;est jamais tarit. J&#8217;ai continu\u00e9 \u00e0 me former en \u00e9lectricit\u00e9 industrielle et dans d&#8217;autres domaines comme le chauffage central. Ces comp\u00e9tences m&#8217;ont ouvert les portes du monde professionnel en tant qu&#8217;employeur. J&#8217;ai ensuite cr\u00e9\u00e9 mon propre atelier, sp\u00e9cialis\u00e9 dans la construction de cha\u00eenes de production automatis\u00e9es pour des produits sur mesure.<\/p><p>Au cours des dix derni\u00e8res ann\u00e9es, mon attention s&#8217;est port\u00e9e sur les \u00e9nergies renouvelables. J&#8217;ai consacr\u00e9 tout mon temps \u00e0 la recherche et \u00e0 l&#8217;innovation dans ce domaine, fondant m\u00eame une soci\u00e9t\u00e9 sp\u00e9cialis\u00e9e dans la fabrication et l&#8217;installation de syst\u00e8mes de d\u00e9calaminage pour v\u00e9hicules. Cela m&#8217;a permis de financer mes recherches r\u00e9volutionnaires dans les \u00e9nergies renouvelables, comme la cr\u00e9ation d&#8217;un groupe de production d&#8217;\u00e9nergie \u00e9lectrique pour les industriels et les agriculteurs, ainsi qu&#8217;un syst\u00e8me pour les domiciles, \u00e9liminant le besoin de grandes lignes de c\u00e2bles et de poteaux \u00e9lectriques.<\/p><p>Aujourd&#8217;hui, je travaille sur un projet visionnaire : un moteur fonctionnant \u00e0 100% \u00e0 l&#8217;hydrog\u00e8ne. Une histoire qui a commenc\u00e9 avec un enfant et un tournevis, et qui continue avec un homme et ses r\u00eaves d&#8217;un monde plus propre et plus vert. Et ils v\u00e9curent tous durablement et heureux.<\/p>\t\t\t\t\t\t<\/div>\n\t\t\t\t<\/div>\n\t\t\t\t<\/div>\n\t\t<div class=\"elementor-element elementor-element-0848322 e-con-full e-flex e-con e-child\" data-id=\"0848322\" data-element_type=\"container\">\n\t\t\t\t<div class=\"elementor-element elementor-element-8fccfa9 elementor-invisible elementor-widget elementor-widget-image\" data-id=\"8fccfa9\" data-element_type=\"widget\" data-settings=\"{&quot;_animation&quot;:&quot;fadeInUp&quot;}\" data-widget_type=\"image.default\">\n\t\t\t\t<div class=\"elementor-widget-container\">\n\t\t\t\t\t\t\t\t\t\t\t\t\t<img loading=\"lazy\" decoding=\"async\" width=\"1200\" height=\"1599\" src=\"https:\/\/linventeur.group\/wp-content\/uploads\/2024\/05\/amor.jpg\" class=\"attachment-full size-full wp-image-1497\" alt=\"Inventeur, Inventor\" srcset=\"https:\/\/linventeur.group\/wp-content\/uploads\/2024\/05\/amor.jpg 1200w, https:\/\/linventeur.group\/wp-content\/uploads\/2024\/05\/amor-225x300.jpg 225w, https:\/\/linventeur.group\/wp-content\/uploads\/2024\/05\/amor-768x1023.jpg 768w, https:\/\/linventeur.group\/wp-content\/uploads\/2024\/05\/amor-1153x1536.jpg 1153w\" sizes=\"(max-width: 1200px) 100vw, 1200px\" \/>\t\t\t\t\t\t\t\t\t\t\t\t\t<\/div>\n\t\t\t\t<\/div>\n\t\t\t\t<\/div>\n\t\t\t\t\t<\/div>\n\t\t\t\t<\/div>\n\t\t<div class=\"elementor-element elementor-element-90cb999 e-grid e-con-boxed e-con e-parent\" data-id=\"90cb999\" data-element_type=\"container\">\n\t\t\t\t\t<div class=\"e-con-inner\">\n\t\t\t\t<div class=\"elementor-element elementor-element-a24ce6e elementor-widget elementor-widget-image\" data-id=\"a24ce6e\" data-element_type=\"widget\" data-widget_type=\"image.default\">\n\t\t\t\t<div class=\"elementor-widget-container\">\n\t\t\t\t\t\t\t\t\t\t\t\t\t<img loading=\"lazy\" decoding=\"async\" width=\"525\" height=\"748\" src=\"https:\/\/linventeur.group\/wp-content\/uploads\/2024\/05\/geneve-719x1024.jpg\" class=\"attachment-large size-large wp-image-1537\" alt=\"\" srcset=\"https:\/\/linventeur.group\/wp-content\/uploads\/2024\/05\/geneve-719x1024.jpg 719w, https:\/\/linventeur.group\/wp-content\/uploads\/2024\/05\/geneve-211x300.jpg 211w, https:\/\/linventeur.group\/wp-content\/uploads\/2024\/05\/geneve-768x1093.jpg 768w, https:\/\/linventeur.group\/wp-content\/uploads\/2024\/05\/geneve.jpg 822w\" sizes=\"(max-width: 525px) 100vw, 525px\" \/>\t\t\t\t\t\t\t\t\t\t\t\t\t<\/div>\n\t\t\t\t<\/div>\n\t\t\t\t<div class=\"elementor-element elementor-element-e6bb8d1 elementor-widget elementor-widget-image\" data-id=\"e6bb8d1\" data-element_type=\"widget\" data-widget_type=\"image.default\">\n\t\t\t\t<div class=\"elementor-widget-container\">\n\t\t\t\t\t\t\t\t\t\t\t\t\t<img loading=\"lazy\" decoding=\"async\" width=\"525\" height=\"748\" src=\"https:\/\/linventeur.group\/wp-content\/uploads\/2024\/05\/brevet-2-copy-719x1024.jpg\" class=\"attachment-large size-large wp-image-1558\" alt=\"\" srcset=\"https:\/\/linventeur.group\/wp-content\/uploads\/2024\/05\/brevet-2-copy-719x1024.jpg 719w, https:\/\/linventeur.group\/wp-content\/uploads\/2024\/05\/brevet-2-copy-211x300.jpg 211w, https:\/\/linventeur.group\/wp-content\/uploads\/2024\/05\/brevet-2-copy-768x1094.jpg 768w, https:\/\/linventeur.group\/wp-content\/uploads\/2024\/05\/brevet-2-copy.jpg 821w\" sizes=\"(max-width: 525px) 100vw, 525px\" \/>\t\t\t\t\t\t\t\t\t\t\t\t\t<\/div>\n\t\t\t\t<\/div>\n\t\t\t\t<div class=\"elementor-element elementor-element-fcaf43e elementor-widget elementor-widget-image\" data-id=\"fcaf43e\" data-element_type=\"widget\" data-widget_type=\"image.default\">\n\t\t\t\t<div class=\"elementor-widget-container\">\n\t\t\t\t\t\t\t\t\t\t\t\t\t<img loading=\"lazy\" decoding=\"async\" width=\"525\" height=\"754\" src=\"https:\/\/linventeur.group\/wp-content\/uploads\/2024\/05\/brevet-copy-713x1024.jpg\" class=\"attachment-large size-large wp-image-1559\" alt=\"\" srcset=\"https:\/\/linventeur.group\/wp-content\/uploads\/2024\/05\/brevet-copy-713x1024.jpg 713w, https:\/\/linventeur.group\/wp-content\/uploads\/2024\/05\/brevet-copy-209x300.jpg 209w, https:\/\/linventeur.group\/wp-content\/uploads\/2024\/05\/brevet-copy-768x1103.jpg 768w, https:\/\/linventeur.group\/wp-content\/uploads\/2024\/05\/brevet-copy.jpg 815w\" sizes=\"(max-width: 525px) 100vw, 525px\" \/>\t\t\t\t\t\t\t\t\t\t\t\t\t<\/div>\n\t\t\t\t<\/div>\n\t\t\t\t<div class=\"elementor-element elementor-element-655d92a elementor-widget elementor-widget-image\" data-id=\"655d92a\" data-element_type=\"widget\" data-widget_type=\"image.default\">\n\t\t\t\t<div class=\"elementor-widget-container\">\n\t\t\t\t\t\t\t\t\t\t\t\t\t<img loading=\"lazy\" decoding=\"async\" width=\"525\" height=\"372\" src=\"https:\/\/linventeur.group\/wp-content\/uploads\/2024\/05\/kuwait-1024x725.jpg\" class=\"attachment-large size-large wp-image-1542\" alt=\"\" srcset=\"https:\/\/linventeur.group\/wp-content\/uploads\/2024\/05\/kuwait-1024x725.jpg 1024w, https:\/\/linventeur.group\/wp-content\/uploads\/2024\/05\/kuwait-300x212.jpg 300w, https:\/\/linventeur.group\/wp-content\/uploads\/2024\/05\/kuwait-768x544.jpg 768w, https:\/\/linventeur.group\/wp-content\/uploads\/2024\/05\/kuwait-376x266.jpg 376w, https:\/\/linventeur.group\/wp-content\/uploads\/2024\/05\/kuwait-rotated.jpg 1170w\" sizes=\"(max-width: 525px) 100vw, 525px\" \/>\t\t\t\t\t\t\t\t\t\t\t\t\t<\/div>\n\t\t\t\t<\/div>\n\t\t\t\t<div class=\"elementor-element elementor-element-6d543f5 elementor-widget elementor-widget-image\" data-id=\"6d543f5\" data-element_type=\"widget\" data-widget_type=\"image.default\">\n\t\t\t\t<div class=\"elementor-widget-container\">\n\t\t\t\t\t\t\t\t\t\t\t\t\t<img loading=\"lazy\" decoding=\"async\" width=\"525\" height=\"375\" src=\"https:\/\/linventeur.group\/wp-content\/uploads\/2024\/05\/tunisie-1024x731.jpg\" class=\"attachment-large size-large wp-image-1541\" alt=\"\" srcset=\"https:\/\/linventeur.group\/wp-content\/uploads\/2024\/05\/tunisie-1024x731.jpg 1024w, https:\/\/linventeur.group\/wp-content\/uploads\/2024\/05\/tunisie-300x214.jpg 300w, https:\/\/linventeur.group\/wp-content\/uploads\/2024\/05\/tunisie-768x548.jpg 768w, https:\/\/linventeur.group\/wp-content\/uploads\/2024\/05\/tunisie-rotated.jpg 1154w\" sizes=\"(max-width: 525px) 100vw, 525px\" \/>\t\t\t\t\t\t\t\t\t\t\t\t\t<\/div>\n\t\t\t\t<\/div>\n\t\t\t\t\t<\/div>\n\t\t\t\t<\/div>\n\t\t\t\t<\/div>","protected":false},"excerpt":{"rendered":"<p>Amor Haouani Il \u00e9tait une fois, dans les ann\u00e9es 70 et 80, un enfant dont les yeux p\u00e9tillaient \u00e0 la vue de tout ce qui \u00e9tait \u00e9lectronique. Ce petit g\u00e9nie, c&#8217;\u00e9tait moi. D\u00e8s mon plus jeune \u00e2ge, je me plaisais \u00e0 d\u00e9monter et r\u00e9parer les machines, \u00e9merveill\u00e9 par les rouages et les circuits qui les [&hellip;]<\/p>","protected":false},"author":1,"featured_media":0,"parent":0,"menu_order":0,"comment_status":"closed","ping_status":"closed","template":"elementor_header_footer","meta":{"footnotes":""},"_links":{"self":[{"href":"https:\/\/linventeur.group\/en\/wp-json\/wp\/v2\/pages\/1439"}],"collection":[{"href":"https:\/\/linventeur.group\/en\/wp-json\/wp\/v2\/pages"}],"about":[{"href":"https:\/\/linventeur.group\/en\/wp-json\/wp\/v2\/types\/page"}],"author":[{"embeddable":true,"href":"https:\/\/linventeur.group\/en\/wp-json\/wp\/v2\/users\/1"}],"replies":[{"embeddable":true,"href":"https:\/\/linventeur.group\/en\/wp-json\/wp\/v2\/comments?post=1439"}],"version-history":[{"count":33,"href":"https:\/\/linventeur.group\/en\/wp-json\/wp\/v2\/pages\/1439\/revisions"}],"predecessor-version":[{"id":2059,"href":"https:\/\/linventeur.group\/en\/wp-json\/wp\/v2\/pages\/1439\/revisions\/2059"}],"wp:attachment":[{"href":"https:\/\/linventeur.group\/en\/wp-json\/wp\/v2\/media?parent=1439"}],"curies":[{"name":"wp","href":"https:\/\/api.w.org\/{rel}","templated":true}]}}