{"id":2011,"date":"2026-02-16T07:38:19","date_gmt":"2026-02-16T07:38:19","guid":{"rendered":"https:\/\/linventeur.group\/?page_id=2011"},"modified":"2026-02-19T21:07:21","modified_gmt":"2026-02-19T21:07:21","slug":"invention-a-exploiter","status":"publish","type":"page","link":"https:\/\/linventeur.group\/ar\/invention-a-exploiter\/","title":{"rendered":"\u0627\u0644\u0627\u062e\u062a\u0631\u0627\u0639 \u0627\u0644\u0645\u0631\u0627\u062f \u0627\u0633\u062a\u063a\u0644\u0627\u0644\u0647"},"content":{"rendered":"<div data-elementor-type=\"wp-page\" data-elementor-id=\"2011\" class=\"elementor elementor-2011\">\n\t\t\t\t<div class=\"elementor-element elementor-element-45bcd76 e-flex e-con-boxed e-con e-parent\" data-id=\"45bcd76\" data-element_type=\"container\">\n\t\t\t\t\t<div class=\"e-con-inner\">\n\t\t<div class=\"elementor-element elementor-element-26a5cc7 e-con-full e-flex e-con e-child\" data-id=\"26a5cc7\" data-element_type=\"container\">\n\t\t\t\t<div class=\"elementor-element elementor-element-fc78e0a elementor-widget elementor-widget-image\" data-id=\"fc78e0a\" data-element_type=\"widget\" data-widget_type=\"image.default\">\n\t\t\t\t<div class=\"elementor-widget-container\">\n\t\t\t<style>\/*! elementor - v3.21.0 - 08-05-2024 *\/\n.elementor-widget-image{text-align:center}.elementor-widget-image a{display:inline-block}.elementor-widget-image a img[src$=\".svg\"]{width:48px}.elementor-widget-image img{vertical-align:middle;display:inline-block}<\/style>\t\t\t\t\t\t\t\t\t\t\t<a href=\"https:\/\/linventeur.group\/ar\/\">\n\t\t\t\t\t\t\t<img decoding=\"async\" width=\"525\" height=\"88\" src=\"https:\/\/linventeur.group\/wp-content\/uploads\/2024\/05\/linventeur-01-1-1024x172.png\" class=\"attachment-large size-large wp-image-1424\" alt=\"\" srcset=\"https:\/\/linventeur.group\/wp-content\/uploads\/2024\/05\/linventeur-01-1-1024x172.png 1024w, https:\/\/linventeur.group\/wp-content\/uploads\/2024\/05\/linventeur-01-1-300x50.png 300w, https:\/\/linventeur.group\/wp-content\/uploads\/2024\/05\/linventeur-01-1-768x129.png 768w, https:\/\/linventeur.group\/wp-content\/uploads\/2024\/05\/linventeur-01-1-1536x258.png 1536w, https:\/\/linventeur.group\/wp-content\/uploads\/2024\/05\/linventeur-01-1-2048x344.png 2048w\" sizes=\"(max-width: 525px) 100vw, 525px\" \/>\t\t\t\t\t\t\t\t<\/a>\n\t\t\t\t\t\t\t\t\t\t\t\t\t<\/div>\n\t\t\t\t<\/div>\n\t\t\t\t<\/div>\n\t\t<div class=\"elementor-element elementor-element-8627e9c e-con-full switch elementor-hidden-tablet elementor-hidden-mobile e-flex e-con e-child\" data-id=\"8627e9c\" data-element_type=\"container\">\n\t\t\t\t<div class=\"elementor-element elementor-element-3285ae1 elementor-widget elementor-widget-shortcode\" data-id=\"3285ae1\" data-element_type=\"widget\" data-widget_type=\"shortcode.default\">\n\t\t\t\t<div class=\"elementor-widget-container\">\n\t\t\t\t\t<div class=\"elementor-shortcode\"><div class=\"trp_language_switcher_shortcode\">\n<div class=\"trp-language-switcher trp-language-switcher-container\" data-no-translation>\n    <div class=\"trp-ls-shortcode-current-language\">\n        <a href=\"#\" class=\"trp-ls-shortcode-disabled-language trp-ls-disabled-language\" title=\"Arabic\" onclick=\"event.preventDefault()\">\n\t\t\t<img decoding=\"async\" class=\"trp-flag-image\" src=\"https:\/\/linventeur.group\/wp-content\/plugins\/translatepress-multilingual\/assets\/images\/flags\/ar.png\" width=\"18\" height=\"12\" alt=\"ar\" title=\"Arabic\"> Arabic\t\t<\/a>\n    <\/div>\n    <div class=\"trp-ls-shortcode-language\">\n                <a href=\"#\" class=\"trp-ls-shortcode-disabled-language trp-ls-disabled-language\"  title=\"Arabic\" onclick=\"event.preventDefault()\">\n\t\t\t<img decoding=\"async\" class=\"trp-flag-image\" src=\"https:\/\/linventeur.group\/wp-content\/plugins\/translatepress-multilingual\/assets\/images\/flags\/ar.png\" width=\"18\" height=\"12\" alt=\"ar\" title=\"Arabic\"> Arabic\t\t<\/a>\n                    <a href=\"https:\/\/linventeur.group\/ar\/wp-json\/wp\/v2\/pages\/2011\" title=\"English\">\n            <img decoding=\"async\" class=\"trp-flag-image\" src=\"https:\/\/linventeur.group\/wp-content\/plugins\/translatepress-multilingual\/assets\/images\/flags\/en_GB.png\" width=\"18\" height=\"12\" alt=\"en_GB\" title=\"English\"> English        <\/a>\n\n            <a href=\"https:\/\/linventeur.group\/ar\/wp-json\/wp\/v2\/pages\/2011\" title=\"French\">\n            <img loading=\"lazy\" decoding=\"async\" class=\"trp-flag-image\" src=\"https:\/\/linventeur.group\/wp-content\/plugins\/translatepress-multilingual\/assets\/images\/flags\/fr_FR.png\" width=\"18\" height=\"12\" alt=\"fr_FR\" title=\"French\"> French        <\/a>\n\n        <\/div>\n    <script type=\"application\/javascript\">\n        \/\/ need to have the same with set from JS on both divs. Otherwise it can push stuff around in HTML\n        var trp_ls_shortcodes = document.querySelectorAll('.trp_language_switcher_shortcode .trp-language-switcher');\n        if ( trp_ls_shortcodes.length > 0) {\n            \/\/ get the last language switcher added\n            var trp_el = trp_ls_shortcodes[trp_ls_shortcodes.length - 1];\n\n            var trp_shortcode_language_item = trp_el.querySelector( '.trp-ls-shortcode-language' )\n            \/\/ set width\n            var trp_ls_shortcode_width                                               = trp_shortcode_language_item.offsetWidth + 16;\n            trp_shortcode_language_item.style.width                                  = trp_ls_shortcode_width + 'px';\n            trp_el.querySelector( '.trp-ls-shortcode-current-language' ).style.width = trp_ls_shortcode_width + 'px';\n\n            \/\/ We're putting this on display: none after we have its width.\n            trp_shortcode_language_item.style.display = 'none';\n        }\n    <\/script>\n<\/div>\n<\/div><\/div>\n\t\t\t\t<\/div>\n\t\t\t\t<\/div>\n\t\t\t\t<\/div>\n\t\t\t\t\t<\/div>\n\t\t\t\t<\/div>\n\t\t<div class=\"elementor-element elementor-element-e96e61f e-flex e-con-boxed e-con e-parent\" data-id=\"e96e61f\" data-element_type=\"container\">\n\t\t\t\t\t<div class=\"e-con-inner\">\n\t\t\t\t<div class=\"elementor-element elementor-element-870b3ac elementor-widget elementor-widget-html\" data-id=\"870b3ac\" data-element_type=\"widget\" data-widget_type=\"html.default\">\n\t\t\t\t<div class=\"elementor-widget-container\">\n\t\t\t<iframe width=\"1660\" height=\"615\" \r\nsrc=\"https:\/\/linventeur.group\/wp-content\/uploads\/2026\/02\/invention-copeau-du-bois.mp4\" \r\ntitle=\"\u0645\u0634\u063a\u0644 \u0641\u064a\u062f\u064a\u0648 \u064a\u0648\u062a\u064a\u0648\u0628\" \r\nframeborder=\"0\" \r\nallow=\"accelerometer; autoplay; clipboard-write; encrypted-media; gyroscope; picture-in-picture\" \r\nallowfullscreen>\r\n<\/iframe>\r\n\t\t<\/div>\n\t\t\t\t<\/div>\n\t\t\t\t\t<\/div>\n\t\t\t\t<\/div>\n\t\t\t\t<section class=\"elementor-section elementor-top-section elementor-element elementor-element-32c92ed elementor-section-full_width elementor-section-content-middle elementor-section-height-default elementor-section-height-default\" data-id=\"32c92ed\" data-element_type=\"section\">\n\t\t\t\t\t\t<div class=\"elementor-container elementor-column-gap-default\">\n\t\t\t\t\t<div class=\"elementor-column elementor-col-100 elementor-top-column elementor-element elementor-element-8caed4b\" data-id=\"8caed4b\" data-element_type=\"column\">\n\t\t\t<div class=\"elementor-widget-wrap elementor-element-populated\">\n\t\t\t\t\t\t<div class=\"elementor-element elementor-element-56e8beb elementor-widget elementor-widget-vosio_plans_section\" data-id=\"56e8beb\" data-element_type=\"widget\" data-widget_type=\"vosio_plans_section.default\">\n\t\t\t\t<div class=\"elementor-widget-container\">\n\t\t\t\t\r\n    <!--Plans Section-->\r\n    <section class=\"plans-section\">\r\n        <div class=\"auto-container\">\r\n            <div class=\"row clearfix\">\r\n                                <!--Image-->\r\n                <div class=\"image-col col-lg-6 col-md-12 col-sm-12\">\r\n                    <div class=\"inner\">\r\n                        <div class=\"image\">\r\n                            <div class=\"bg-pattern\"><\/div>\r\n                            <img decoding=\"async\" src=\"https:\/\/linventeur.group\/wp-content\/uploads\/2026\/02\/affiche-linventeur-copeau-du-bois-scaled.jpg\" alt=\"Awesome Image\">\r\n                        <\/div>\r\n                    <\/div>\r\n                <\/div>\r\n\t\t\t\t                <!--Content-->\r\n                <div class=\"text-col col-lg-6 col-md-12 col-sm-12\">\r\n                    <div class=\"inner\">\r\n                                                <h4>\u062a\u062d\u062a\u0648\u064a \u0622\u0644\u0629 \u0625\u0646\u062a\u0627\u062c \u0631\u0642\u0627\u0626\u0642 \u0627\u0644\u062e\u0634\u0628 \u0639\u0644\u0649 \u0646\u0638\u0627\u0645 \u0623\u0633\u0637\u0648\u0627\u0646\u064a \u064a\u0636\u0645\u0646 \u0643\u0634\u0637 \u0627\u0644\u062e\u0634\u0628 \u0639\u0644\u0649 \u0627\u0644\u0634\u0641\u0631\u0627\u062a \u0641\u064a \u0627\u062a\u062c\u0627\u0647 \u0648\u0627\u062d\u062f.<\/h4>\r\n                                                                        <div class=\"text\">\r\n                            \u064a\u062a\u064a\u062d \u0627\u062e\u062a\u0631\u0627\u0639\u0646\u0627 \u0625\u0645\u0643\u0627\u0646\u064a\u0629 \u0625\u0646\u062a\u0627\u062c \u0646\u0641\u0633 \u0627\u0644\u0643\u0645\u064a\u0629 \u0645\u0646 \u0631\u0642\u0627\u0626\u0642 \u0627\u0644\u062e\u0634\u0628 \u0645\u062b\u0644 \u0627\u0644\u0622\u0644\u0627\u062a \u0627\u0644\u0639\u0627\u062f\u064a\u0629 (\u062c\u0645\u064a\u0639 \u0627\u0644\u0622\u0644\u0627\u062a \u0627\u0644\u0645\u0648\u062c\u0648\u062f\u0629 \u0641\u064a \u0627\u0644\u0633\u0648\u0642) \u0641\u064a \u0646\u0635\u0641 \u0627\u0644\u0648\u0642\u062a \u0648\u0628\u0646\u0635\u0641 \u0627\u0644\u0637\u0627\u0642\u0629 \u0627\u0644\u0645\u0633\u062a\u0647\u0644\u0643\u0629\u060c \u0628\u0627\u0644\u0625\u0636\u0627\u0641\u0629 \u0625\u0644\u0649 \u0623\u0641\u0636\u0644 \u062c\u0648\u062f\u0629 \u0648\u0628\u0648\u0642\u062a \u0642\u0637\u0639 \u0623\u0637\u0648\u0644 \u0644\u0644\u0634\u0641\u0631\u0629. (\u0636\u0639\u0641 \u0648\u0642\u062a \u0642\u0637\u0639 \u0627\u0644\u0622\u0644\u0629 \u0627\u0644\u0639\u0627\u062f\u064a\u0629).\n\n\u064a\u0633\u0645\u062d \u0646\u0638\u0627\u0645 \u0627\u0644\u0623\u0633\u0637\u0648\u0627\u0646\u0629 \u0648\u0645\u062d\u0631\u0643 \u0627\u0644\u062a\u062e\u0641\u064a\u0636\u060c \u0648\u0627\u0644\u0645\u0646\u0635\u0629 \u0627\u0644\u0645\u0633\u062a\u062f\u064a\u0631\u0629 \u0648\u0627\u0644\u062b\u0627\u0628\u062a\u0629 \u0645\u0639 \u0623\u0633\u0637\u0648\u0627\u0646\u0629 \u0645\u062d\u0645\u0644 \u0644\u0644\u0634\u0641\u0631\u0627\u062a\u060c \u0628\u0639\u0645\u0644\u064a\u0629 \u0627\u0644\u062a\u062e\u0637\u064a\u0637 (\u0627\u0644\u0643\u0634\u0637 \u0628\u064a\u0646 \u0627\u0644\u062e\u0634\u0628 \u0648\u0627\u0644\u0634\u0641\u0631\u0627\u062a) \u0641\u064a \u0627\u062a\u062c\u0627\u0647 \u0648\u0627\u062d\u062f \u0641\u0642\u0637 \u0645\u0645\u0627 \u064a\u0633\u0645\u062d \u0628\u0625\u0646\u062a\u0627\u062c \u0646\u0641\u0633 \u0627\u0644\u0643\u0645\u064a\u0629 \u0645\u0646 \u0631\u0642\u0627\u0626\u0642 \u0627\u0644\u062e\u0634\u0628 \u0639\u0646 \u0637\u0631\u064a\u0642 \u0627\u0633\u062a\u0647\u0644\u0627\u0643 \u0646\u0635\u0641 \u0627\u0644\u0637\u0627\u0642\u0629 \u0648\u0623\u064a\u0636\u0627 \u0646\u0635\u0641 \u0627\u0644\u0648\u0642\u062a \u0627\u0644\u0630\u064a \u064a\u0634\u0643\u0644 \u0627\u062e\u062a\u0631\u0627\u0639\u0646\u0627.                                                    <\/div>\r\n                                            <\/div>\r\n                <\/div>\r\n            <\/div>\r\n        <\/div>\r\n    <\/section>      \r\n        \r\n        \t\t<\/div>\n\t\t\t\t<\/div>\n\t\t\t\t\t<\/div>\n\t\t<\/div>\n\t\t\t\t\t<\/div>\n\t\t<\/section>\n\t\t\t\t<\/div>","protected":false},"excerpt":{"rendered":"<p>Machine de production du coupeaux du bois a syst\u00e8me \u00e0 tambour qui assure le grattage du bois contre les lames dans un seul sens. Notre invention permet de produire la m\u00eame quantit\u00e9 de copeaux du bois que les machines ordinaires (tous les machines sur le march\u00e9) dans la moiti\u00e9 du temps et avec la moiti\u00e9 [&hellip;]<\/p>","protected":false},"author":1,"featured_media":0,"parent":0,"menu_order":0,"comment_status":"closed","ping_status":"closed","template":"elementor_header_footer","meta":{"footnotes":""},"_links":{"self":[{"href":"https:\/\/linventeur.group\/ar\/wp-json\/wp\/v2\/pages\/2011"}],"collection":[{"href":"https:\/\/linventeur.group\/ar\/wp-json\/wp\/v2\/pages"}],"about":[{"href":"https:\/\/linventeur.group\/ar\/wp-json\/wp\/v2\/types\/page"}],"author":[{"embeddable":true,"href":"https:\/\/linventeur.group\/ar\/wp-json\/wp\/v2\/users\/1"}],"replies":[{"embeddable":true,"href":"https:\/\/linventeur.group\/ar\/wp-json\/wp\/v2\/comments?post=2011"}],"version-history":[{"count":31,"href":"https:\/\/linventeur.group\/ar\/wp-json\/wp\/v2\/pages\/2011\/revisions"}],"predecessor-version":[{"id":2069,"href":"https:\/\/linventeur.group\/ar\/wp-json\/wp\/v2\/pages\/2011\/revisions\/2069"}],"wp:attachment":[{"href":"https:\/\/linventeur.group\/ar\/wp-json\/wp\/v2\/media?parent=2011"}],"curies":[{"name":"wp","href":"https:\/\/api.w.org\/{rel}","templated":true}]}}