{"id":1439,"date":"2024-05-20T11:59:23","date_gmt":"2024-05-20T11:59:23","guid":{"rendered":"https:\/\/linventeur.group\/?page_id=1439"},"modified":"2026-02-17T19:59:06","modified_gmt":"2026-02-17T19:59:06","slug":"bibliographie","status":"publish","type":"page","link":"https:\/\/linventeur.group\/ar\/bibliographie\/","title":{"rendered":"\u062b\u0628\u062a \u0645\u0631\u0627\u062c\u0639"},"content":{"rendered":"<div data-elementor-type=\"wp-page\" data-elementor-id=\"1439\" class=\"elementor elementor-1439\">\n\t\t\t\t<div class=\"elementor-element elementor-element-553de30 e-flex e-con-boxed e-con e-parent\" data-id=\"553de30\" data-element_type=\"container\">\n\t\t\t\t\t<div class=\"e-con-inner\">\n\t\t<div class=\"elementor-element elementor-element-423bb83 e-flex e-con-boxed e-con e-child\" data-id=\"423bb83\" data-element_type=\"container\">\n\t\t\t\t\t<div class=\"e-con-inner\">\n\t\t<div class=\"elementor-element elementor-element-f704c57 e-con-full e-flex e-con e-child\" data-id=\"f704c57\" data-element_type=\"container\">\n\t\t\t\t<div class=\"elementor-element elementor-element-24fc6b2 elementor-widget elementor-widget-image\" data-id=\"24fc6b2\" data-element_type=\"widget\" data-widget_type=\"image.default\">\n\t\t\t\t<div class=\"elementor-widget-container\">\n\t\t\t<style>\/*! elementor - v3.21.0 - 08-05-2024 *\/\n.elementor-widget-image{text-align:center}.elementor-widget-image a{display:inline-block}.elementor-widget-image a img[src$=\".svg\"]{width:48px}.elementor-widget-image img{vertical-align:middle;display:inline-block}<\/style>\t\t\t\t\t\t\t\t\t\t\t<a href=\"https:\/\/linventeur.group\/ar\/\">\n\t\t\t\t\t\t\t<img decoding=\"async\" width=\"525\" height=\"88\" src=\"https:\/\/linventeur.group\/wp-content\/uploads\/2024\/05\/linventeur-01-1-1024x172.png\" class=\"attachment-large size-large wp-image-1424\" alt=\"\" srcset=\"https:\/\/linventeur.group\/wp-content\/uploads\/2024\/05\/linventeur-01-1-1024x172.png 1024w, https:\/\/linventeur.group\/wp-content\/uploads\/2024\/05\/linventeur-01-1-300x50.png 300w, https:\/\/linventeur.group\/wp-content\/uploads\/2024\/05\/linventeur-01-1-768x129.png 768w, https:\/\/linventeur.group\/wp-content\/uploads\/2024\/05\/linventeur-01-1-1536x258.png 1536w, https:\/\/linventeur.group\/wp-content\/uploads\/2024\/05\/linventeur-01-1-2048x344.png 2048w\" sizes=\"(max-width: 525px) 100vw, 525px\" \/>\t\t\t\t\t\t\t\t<\/a>\n\t\t\t\t\t\t\t\t\t\t\t\t\t<\/div>\n\t\t\t\t<\/div>\n\t\t\t\t<\/div>\n\t\t<div class=\"elementor-element elementor-element-0e9169b e-con-full switch elementor-hidden-tablet elementor-hidden-mobile e-flex e-con e-child\" data-id=\"0e9169b\" data-element_type=\"container\">\n\t\t\t\t<div class=\"elementor-element elementor-element-83e1735 elementor-widget elementor-widget-shortcode\" data-id=\"83e1735\" data-element_type=\"widget\" data-widget_type=\"shortcode.default\">\n\t\t\t\t<div class=\"elementor-widget-container\">\n\t\t\t\t\t<div class=\"elementor-shortcode\"><div class=\"trp_language_switcher_shortcode\">\n<div class=\"trp-language-switcher trp-language-switcher-container\" data-no-translation>\n    <div class=\"trp-ls-shortcode-current-language\">\n        <a href=\"#\" class=\"trp-ls-shortcode-disabled-language trp-ls-disabled-language\" title=\"Arabic\" onclick=\"event.preventDefault()\">\n\t\t\t<img decoding=\"async\" class=\"trp-flag-image\" src=\"https:\/\/linventeur.group\/wp-content\/plugins\/translatepress-multilingual\/assets\/images\/flags\/ar.png\" width=\"18\" height=\"12\" alt=\"ar\" title=\"Arabic\"> Arabic\t\t<\/a>\n    <\/div>\n    <div class=\"trp-ls-shortcode-language\">\n                <a href=\"#\" class=\"trp-ls-shortcode-disabled-language trp-ls-disabled-language\"  title=\"Arabic\" onclick=\"event.preventDefault()\">\n\t\t\t<img decoding=\"async\" class=\"trp-flag-image\" src=\"https:\/\/linventeur.group\/wp-content\/plugins\/translatepress-multilingual\/assets\/images\/flags\/ar.png\" width=\"18\" height=\"12\" alt=\"ar\" title=\"Arabic\"> Arabic\t\t<\/a>\n                    <a href=\"https:\/\/linventeur.group\/ar\/wp-json\/wp\/v2\/pages\/1439\" title=\"English\">\n            <img decoding=\"async\" class=\"trp-flag-image\" src=\"https:\/\/linventeur.group\/wp-content\/plugins\/translatepress-multilingual\/assets\/images\/flags\/en_GB.png\" width=\"18\" height=\"12\" alt=\"en_GB\" title=\"English\"> English        <\/a>\n\n            <a href=\"https:\/\/linventeur.group\/ar\/wp-json\/wp\/v2\/pages\/1439\" title=\"French\">\n            <img loading=\"lazy\" decoding=\"async\" class=\"trp-flag-image\" src=\"https:\/\/linventeur.group\/wp-content\/plugins\/translatepress-multilingual\/assets\/images\/flags\/fr_FR.png\" width=\"18\" height=\"12\" alt=\"fr_FR\" title=\"French\"> French        <\/a>\n\n        <\/div>\n    <script type=\"application\/javascript\">\n        \/\/ need to have the same with set from JS on both divs. Otherwise it can push stuff around in HTML\n        var trp_ls_shortcodes = document.querySelectorAll('.trp_language_switcher_shortcode .trp-language-switcher');\n        if ( trp_ls_shortcodes.length > 0) {\n            \/\/ get the last language switcher added\n            var trp_el = trp_ls_shortcodes[trp_ls_shortcodes.length - 1];\n\n            var trp_shortcode_language_item = trp_el.querySelector( '.trp-ls-shortcode-language' )\n            \/\/ set width\n            var trp_ls_shortcode_width                                               = trp_shortcode_language_item.offsetWidth + 16;\n            trp_shortcode_language_item.style.width                                  = trp_ls_shortcode_width + 'px';\n            trp_el.querySelector( '.trp-ls-shortcode-current-language' ).style.width = trp_ls_shortcode_width + 'px';\n\n            \/\/ We're putting this on display: none after we have its width.\n            trp_shortcode_language_item.style.display = 'none';\n        }\n    <\/script>\n<\/div>\n<\/div><\/div>\n\t\t\t\t<\/div>\n\t\t\t\t<\/div>\n\t\t\t\t<\/div>\n\t\t\t\t\t<\/div>\n\t\t\t\t<\/div>\n\t\t\t\t\t<\/div>\n\t\t\t\t<\/div>\n\t\t<div class=\"elementor-element elementor-element-a6450ed e-flex e-con-boxed e-con e-parent\" data-id=\"a6450ed\" data-element_type=\"container\">\n\t\t\t\t\t<div class=\"e-con-inner\">\n\t\t<div class=\"elementor-element elementor-element-db613a2 e-con-full e-flex e-con e-child\" data-id=\"db613a2\" data-element_type=\"container\">\n\t\t\t\t<div class=\"elementor-element elementor-element-d148075 elementor-invisible elementor-widget elementor-widget-heading\" data-id=\"d148075\" data-element_type=\"widget\" data-settings=\"{&quot;_animation&quot;:&quot;fadeInUp&quot;}\" data-widget_type=\"heading.default\">\n\t\t\t\t<div class=\"elementor-widget-container\">\n\t\t\t<style>\/*! elementor - v3.21.0 - 08-05-2024 *\/\n.elementor-heading-title{padding:0;margin:0;line-height:1}.elementor-widget-heading .elementor-heading-title[class*=elementor-size-]>a{color:inherit;font-size:inherit;line-height:inherit}.elementor-widget-heading .elementor-heading-title.elementor-size-small{font-size:15px}.elementor-widget-heading .elementor-heading-title.elementor-size-medium{font-size:19px}.elementor-widget-heading .elementor-heading-title.elementor-size-large{font-size:29px}.elementor-widget-heading .elementor-heading-title.elementor-size-xl{font-size:39px}.elementor-widget-heading .elementor-heading-title.elementor-size-xxl{font-size:59px}<\/style><h1 class=\"elementor-heading-title elementor-size-default\">Amor Haouani<\/h1>\t\t<\/div>\n\t\t\t\t<\/div>\n\t\t\t\t<div class=\"elementor-element elementor-element-cd57a58 elementor-invisible elementor-widget elementor-widget-text-editor\" data-id=\"cd57a58\" data-element_type=\"widget\" data-settings=\"{&quot;_animation&quot;:&quot;fadeInUp&quot;}\" data-widget_type=\"text-editor.default\">\n\t\t\t\t<div class=\"elementor-widget-container\">\n\t\t\t<style>\/*! elementor - v3.21.0 - 08-05-2024 *\/\n.elementor-widget-text-editor.elementor-drop-cap-view-stacked .elementor-drop-cap{background-color:#69727d;color:#fff}.elementor-widget-text-editor.elementor-drop-cap-view-framed .elementor-drop-cap{color:#69727d;border:3px solid;background-color:transparent}.elementor-widget-text-editor:not(.elementor-drop-cap-view-default) .elementor-drop-cap{margin-top:8px}.elementor-widget-text-editor:not(.elementor-drop-cap-view-default) .elementor-drop-cap-letter{width:1em;height:1em}.elementor-widget-text-editor .elementor-drop-cap{float:left;text-align:center;line-height:1;font-size:50px}.elementor-widget-text-editor .elementor-drop-cap-letter{display:inline-block}<\/style>\t\t\t\t<p>\u0630\u0627\u062a \u0645\u0631\u0629\u060c \u0641\u064a \u0627\u0644\u0633\u0628\u0639\u064a\u0646\u064a\u0627\u062a \u0648\u0627\u0644\u062b\u0645\u0627\u0646\u064a\u0646\u064a\u0627\u062a\u060c \u0643\u0627\u0646 \u0647\u0646\u0627\u0643 \u0637\u0641\u0644 \u062a\u062a\u0623\u0644\u0642 \u0639\u064a\u0646\u0627\u0647 \u0639\u0646\u062f \u0631\u0624\u064a\u0629 \u0643\u0644 \u0634\u064a\u0621 \u0625\u0644\u0643\u062a\u0631\u0648\u0646\u064a. \u062a\u0644\u0643 \u0627\u0644\u0639\u0628\u0642\u0631\u064a\u0629 \u0627\u0644\u0635\u063a\u064a\u0631\u0629 \u0643\u0627\u0646\u062a \u0623\u0646\u0627. \u0645\u0646\u0630 \u0635\u063a\u0631\u064a\u060c \u0623\u062d\u0628\u0628\u062a \u062a\u0641\u0643\u064a\u0643 \u0627\u0644\u0622\u0644\u0627\u062a \u0648\u0625\u0635\u0644\u0627\u062d\u0647\u0627\u060c \u0645\u0646\u062f\u0647\u0634\u064b\u0627 \u0645\u0646 \u0627\u0644\u062a\u0631\u0648\u0633 \u0648\u0627\u0644\u062f\u0648\u0627\u0626\u0631 \u0627\u0644\u062a\u064a \u062a\u0639\u0645\u0644 \u0639\u0644\u0649 \u062a\u0634\u063a\u064a\u0644\u0647\u0627. \u0644\u0642\u062f \u0633\u0645\u062d \u0644\u064a \u0647\u0630\u0627 \u0627\u0644\u0634\u063a\u0641 \u0628\u0627\u0644\u062a\u0643\u0646\u0648\u0644\u0648\u062c\u064a\u0627 \u0628\u062a\u062d\u0644\u064a\u0644 \u0623\u0646\u0638\u0645\u0629 \u0630\u0644\u0643 \u0627\u0644\u0648\u0642\u062a \u0648\u0627\u0644\u062d\u0644\u0645 \u0628\u062d\u0644\u0648\u0644 \u0623\u0643\u062b\u0631 \u0643\u0641\u0627\u0621\u0629.<\/p><p>\u0641\u064a \u0633\u0646 \u0627\u0644\u062b\u0627\u0644\u062b\u0629 \u0639\u0634\u0631\u0629\u060c \u0643\u0646\u062a \u0642\u062f \u0623\u062a\u0642\u0646\u062a \u0628\u0627\u0644\u0641\u0639\u0644 \u0641\u0646 \u062a\u0633\u062e\u064a\u0631 \u0627\u0644\u0637\u0627\u0642\u0629 \u0627\u0644\u0634\u0645\u0633\u064a\u0629\u060c \u0648\u0647\u0648 \u0625\u0646\u062c\u0627\u0632 \u0644\u0645\u062b\u0644 \u0647\u0630\u0627 \u0627\u0644\u0639\u0642\u0644 \u0627\u0644\u0634\u0627\u0628. \u0627\u062a\u062c\u0647\u062a \u062e\u0644\u0641\u064a\u062a\u064a \u0627\u0644\u0623\u0643\u0627\u062f\u064a\u0645\u064a\u0629 \u0628\u0637\u0628\u064a\u0639\u0629 \u0627\u0644\u062d\u0627\u0644 \u0646\u062d\u0648 \u0627\u0644\u062a\u0643\u0646\u0648\u0644\u0648\u062c\u064a\u0627 \u0627\u0644\u0643\u0647\u0631\u0628\u0627\u0626\u064a\u0629\u060c \u062d\u064a\u062b \u0627\u0643\u062a\u0634\u0641\u062a \u0623\u0646 \u062a\u0643\u0646\u0648\u0644\u0648\u062c\u064a\u0627 \u0630\u0644\u0643 \u0627\u0644\u0648\u0642\u062a \u0643\u0627\u0646\u062a \u0641\u064a \u0645\u0647\u062f\u0647\u0627 \u0641\u0642\u0637. \u0644\u0642\u062f \u0634\u062c\u0639\u0646\u064a \u0623\u0633\u0627\u062a\u0630\u062a\u064a\u060c \u0627\u0644\u0630\u064a\u0646 \u0623\u0639\u062c\u0628\u0648\u0627 \u0628\u0625\u0628\u062f\u0627\u0639\u064a\u060c \u0639\u0644\u0649 \u0627\u0644\u0627\u0633\u062a\u0645\u0631\u0627\u0631 \u0641\u064a \u0647\u0630\u0627 \u0627\u0644\u0637\u0631\u064a\u0642. \u0639\u0646\u062f\u0645\u0627 \u0643\u0646\u062a \u0641\u064a \u0627\u0644\u0633\u0627\u062f\u0633\u0629 \u0639\u0634\u0631 \u0645\u0646 \u0639\u0645\u0631\u064a\u060c \u0643\u0646\u062a \u0641\u064a \u0627\u0644\u0635\u062d\u0641 \u0644\u0623\u0646\u0646\u064a \u0627\u062e\u062a\u0631\u0639\u062a \u0627\u0644\u0637\u0627\u0628\u0639\u0629\u060c \u0648\u0643\u0627\u0646\u062a \u062b\u0648\u0631\u0629 \u062d\u0642\u064a\u0642\u064a\u0629 \u0641\u064a \u0630\u0644\u0643 \u0627\u0644\u0648\u0642\u062a.<\/p><p>\u0631\u063a\u0628\u062a\u064a \u0641\u064a \u0627\u0644\u062a\u0639\u0644\u0645 \u0644\u0645 \u062a\u062c\u0641 \u0623\u0628\u062f\u064b\u0627. \u0648\u0627\u0635\u0644\u062a \u0627\u0644\u062a\u062f\u0631\u064a\u0628 \u0641\u064a \u0645\u062c\u0627\u0644 \u0627\u0644\u0643\u0647\u0631\u0628\u0627\u0621 \u0627\u0644\u0635\u0646\u0627\u0639\u064a\u0629 \u0648\u0641\u064a \u0645\u062c\u0627\u0644\u0627\u062a \u0623\u062e\u0631\u0649 \u0645\u062b\u0644 \u0627\u0644\u062a\u062f\u0641\u0626\u0629 \u0627\u0644\u0645\u0631\u0643\u0632\u064a\u0629. \u0644\u0642\u062f \u0641\u062a\u062d\u062a \u0647\u0630\u0647 \u0627\u0644\u0645\u0647\u0627\u0631\u0627\u062a \u0627\u0644\u0623\u0628\u0648\u0627\u0628 \u0623\u0645\u0627\u0645 \u0627\u0644\u0639\u0627\u0644\u0645 \u0627\u0644\u0645\u0647\u0646\u064a \u0643\u0635\u0627\u062d\u0628 \u0639\u0645\u0644. \u062b\u0645 \u0642\u0645\u062a \u0628\u0625\u0646\u0634\u0627\u0621 \u0648\u0631\u0634\u0629 \u0639\u0645\u0644 \u062e\u0627\u0635\u0629 \u0628\u064a\u060c \u0645\u062a\u062e\u0635\u0635\u0629 \u0641\u064a \u0628\u0646\u0627\u0621 \u062e\u0637\u0648\u0637 \u0627\u0644\u0625\u0646\u062a\u0627\u062c \u0627\u0644\u0622\u0644\u064a\u0629 \u0644\u0644\u0645\u0646\u062a\u062c\u0627\u062a \u0627\u0644\u0645\u062e\u0635\u0635\u0629.<\/p><p>\u0639\u0644\u0649 \u0645\u062f\u0649 \u0627\u0644\u0633\u0646\u0648\u0627\u062a \u0627\u0644\u0639\u0634\u0631 \u0627\u0644\u0645\u0627\u0636\u064a\u0629\u060c \u062a\u062d\u0648\u0644 \u062a\u0631\u0643\u064a\u0632\u064a \u0625\u0644\u0649 \u0627\u0644\u0637\u0627\u0642\u0629 \u0627\u0644\u0645\u062a\u062c\u062f\u062f\u0629. \u0644\u0642\u062f \u0643\u0631\u0633\u062a \u0643\u0644 \u0648\u0642\u062a\u064a \u0644\u0644\u0628\u062d\u062b \u0648\u0627\u0644\u0627\u0628\u062a\u0643\u0627\u0631 \u0641\u064a \u0647\u0630\u0627 \u0627\u0644\u0645\u062c\u0627\u0644\u060c \u062d\u062a\u0649 \u0623\u0646\u0646\u064a \u0623\u0633\u0633\u062a \u0634\u0631\u0643\u0629 \u0645\u062a\u062e\u0635\u0635\u0629 \u0641\u064a \u062a\u0635\u0646\u064a\u0639 \u0648\u062a\u0631\u0643\u064a\u0628 \u0623\u0646\u0638\u0645\u0629 \u0625\u0632\u0627\u0644\u0629 \u0627\u0644\u062a\u0631\u0633\u0628\u0627\u062a \u0627\u0644\u0643\u0644\u0633\u064a\u0629 \u0644\u0644\u0645\u0631\u0643\u0628\u0627\u062a. \u0648\u0642\u062f \u0633\u0645\u062d \u0644\u064a \u0630\u0644\u0643 \u0628\u062a\u0645\u0648\u064a\u0644 \u0623\u0628\u062d\u0627\u062b\u064a \u0627\u0644\u0631\u0627\u0626\u062f\u0629 \u0641\u064a \u0645\u062c\u0627\u0644 \u0627\u0644\u0637\u0627\u0642\u0629 \u0627\u0644\u0645\u062a\u062c\u062f\u062f\u0629\u060c \u0645\u062b\u0644 \u0625\u0646\u0634\u0627\u0621 \u0645\u062c\u0645\u0648\u0639\u0629 \u0644\u062a\u0648\u0644\u064a\u062f \u0627\u0644\u0637\u0627\u0642\u0629 \u0627\u0644\u0643\u0647\u0631\u0628\u0627\u0626\u064a\u0629 \u0644\u0644\u0635\u0646\u0627\u0639\u064a\u064a\u0646 \u0648\u0627\u0644\u0645\u0632\u0627\u0631\u0639\u064a\u0646\u060c \u0641\u0636\u0644\u0627\u064b \u0639\u0646 \u0646\u0638\u0627\u0645 \u0644\u0644\u0645\u0646\u0627\u0632\u0644\u060c \u0645\u0645\u0627 \u064a\u0644\u063a\u064a \u0627\u0644\u062d\u0627\u062c\u0629 \u0625\u0644\u0649 \u062e\u0637\u0648\u0637 \u0627\u0644\u0643\u0627\u0628\u0644\u0627\u062a \u0627\u0644\u0643\u0628\u064a\u0631\u0629 \u0648\u0623\u0639\u0645\u062f\u0629 \u0627\u0644\u0643\u0647\u0631\u0628\u0627\u0621.<\/p><p>\u0627\u0644\u064a\u0648\u0645 \u0623\u0639\u0645\u0644 \u0639\u0644\u0649 \u0645\u0634\u0631\u0648\u0639 \u0631\u0624\u064a\u0648\u064a: \u0645\u062d\u0631\u0643 \u064a\u0639\u0645\u0644 \u0628\u0627\u0644\u0647\u064a\u062f\u0631\u0648\u062c\u064a\u0646 \u0628\u0646\u0633\u0628\u0629 100%. \u0642\u0635\u0629 \u0628\u062f\u0623\u062a \u0628\u0637\u0641\u0644 \u0648\u0645\u0641\u0643 \u0628\u0631\u0627\u063a\u064a\u060c \u0648\u062a\u0633\u062a\u0645\u0631 \u0628\u0631\u062c\u0644 \u0648\u0623\u062d\u0644\u0627\u0645\u0647 \u0628\u0639\u0627\u0644\u0645 \u0623\u0646\u0638\u0641 \u0648\u0623\u0643\u062b\u0631 \u062e\u0636\u0631\u0629. \u0648\u0639\u0627\u0634\u0648\u0627 \u062c\u0645\u064a\u0639\u0627 \u0628\u0634\u0643\u0644 \u0645\u0633\u062a\u062f\u0627\u0645 \u0648\u0633\u0639\u064a\u062f.<\/p>\t\t\t\t\t\t<\/div>\n\t\t\t\t<\/div>\n\t\t\t\t<\/div>\n\t\t<div class=\"elementor-element elementor-element-0848322 e-con-full e-flex e-con e-child\" data-id=\"0848322\" data-element_type=\"container\">\n\t\t\t\t<div class=\"elementor-element elementor-element-8fccfa9 elementor-invisible elementor-widget elementor-widget-image\" data-id=\"8fccfa9\" data-element_type=\"widget\" data-settings=\"{&quot;_animation&quot;:&quot;fadeInUp&quot;}\" data-widget_type=\"image.default\">\n\t\t\t\t<div class=\"elementor-widget-container\">\n\t\t\t\t\t\t\t\t\t\t\t\t\t<img loading=\"lazy\" decoding=\"async\" width=\"1200\" height=\"1599\" src=\"https:\/\/linventeur.group\/wp-content\/uploads\/2024\/05\/amor.jpg\" class=\"attachment-full size-full wp-image-1497\" alt=\"Inventeur, Inventor\" srcset=\"https:\/\/linventeur.group\/wp-content\/uploads\/2024\/05\/amor.jpg 1200w, https:\/\/linventeur.group\/wp-content\/uploads\/2024\/05\/amor-225x300.jpg 225w, https:\/\/linventeur.group\/wp-content\/uploads\/2024\/05\/amor-768x1023.jpg 768w, https:\/\/linventeur.group\/wp-content\/uploads\/2024\/05\/amor-1153x1536.jpg 1153w\" sizes=\"(max-width: 1200px) 100vw, 1200px\" \/>\t\t\t\t\t\t\t\t\t\t\t\t\t<\/div>\n\t\t\t\t<\/div>\n\t\t\t\t<\/div>\n\t\t\t\t\t<\/div>\n\t\t\t\t<\/div>\n\t\t<div class=\"elementor-element elementor-element-90cb999 e-grid e-con-boxed e-con e-parent\" data-id=\"90cb999\" data-element_type=\"container\">\n\t\t\t\t\t<div class=\"e-con-inner\">\n\t\t\t\t<div class=\"elementor-element elementor-element-a24ce6e elementor-widget elementor-widget-image\" data-id=\"a24ce6e\" data-element_type=\"widget\" data-widget_type=\"image.default\">\n\t\t\t\t<div class=\"elementor-widget-container\">\n\t\t\t\t\t\t\t\t\t\t\t\t\t<img loading=\"lazy\" decoding=\"async\" width=\"525\" height=\"748\" src=\"https:\/\/linventeur.group\/wp-content\/uploads\/2024\/05\/geneve-719x1024.jpg\" class=\"attachment-large size-large wp-image-1537\" alt=\"\" srcset=\"https:\/\/linventeur.group\/wp-content\/uploads\/2024\/05\/geneve-719x1024.jpg 719w, https:\/\/linventeur.group\/wp-content\/uploads\/2024\/05\/geneve-211x300.jpg 211w, https:\/\/linventeur.group\/wp-content\/uploads\/2024\/05\/geneve-768x1093.jpg 768w, https:\/\/linventeur.group\/wp-content\/uploads\/2024\/05\/geneve.jpg 822w\" sizes=\"(max-width: 525px) 100vw, 525px\" \/>\t\t\t\t\t\t\t\t\t\t\t\t\t<\/div>\n\t\t\t\t<\/div>\n\t\t\t\t<div class=\"elementor-element elementor-element-e6bb8d1 elementor-widget elementor-widget-image\" data-id=\"e6bb8d1\" data-element_type=\"widget\" data-widget_type=\"image.default\">\n\t\t\t\t<div class=\"elementor-widget-container\">\n\t\t\t\t\t\t\t\t\t\t\t\t\t<img loading=\"lazy\" decoding=\"async\" width=\"525\" height=\"748\" src=\"https:\/\/linventeur.group\/wp-content\/uploads\/2024\/05\/brevet-2-copy-719x1024.jpg\" class=\"attachment-large size-large wp-image-1558\" alt=\"\" srcset=\"https:\/\/linventeur.group\/wp-content\/uploads\/2024\/05\/brevet-2-copy-719x1024.jpg 719w, https:\/\/linventeur.group\/wp-content\/uploads\/2024\/05\/brevet-2-copy-211x300.jpg 211w, https:\/\/linventeur.group\/wp-content\/uploads\/2024\/05\/brevet-2-copy-768x1094.jpg 768w, https:\/\/linventeur.group\/wp-content\/uploads\/2024\/05\/brevet-2-copy.jpg 821w\" sizes=\"(max-width: 525px) 100vw, 525px\" \/>\t\t\t\t\t\t\t\t\t\t\t\t\t<\/div>\n\t\t\t\t<\/div>\n\t\t\t\t<div class=\"elementor-element elementor-element-fcaf43e elementor-widget elementor-widget-image\" data-id=\"fcaf43e\" data-element_type=\"widget\" data-widget_type=\"image.default\">\n\t\t\t\t<div class=\"elementor-widget-container\">\n\t\t\t\t\t\t\t\t\t\t\t\t\t<img loading=\"lazy\" decoding=\"async\" width=\"525\" height=\"754\" src=\"https:\/\/linventeur.group\/wp-content\/uploads\/2024\/05\/brevet-copy-713x1024.jpg\" class=\"attachment-large size-large wp-image-1559\" alt=\"\" srcset=\"https:\/\/linventeur.group\/wp-content\/uploads\/2024\/05\/brevet-copy-713x1024.jpg 713w, https:\/\/linventeur.group\/wp-content\/uploads\/2024\/05\/brevet-copy-209x300.jpg 209w, https:\/\/linventeur.group\/wp-content\/uploads\/2024\/05\/brevet-copy-768x1103.jpg 768w, https:\/\/linventeur.group\/wp-content\/uploads\/2024\/05\/brevet-copy.jpg 815w\" sizes=\"(max-width: 525px) 100vw, 525px\" \/>\t\t\t\t\t\t\t\t\t\t\t\t\t<\/div>\n\t\t\t\t<\/div>\n\t\t\t\t<div class=\"elementor-element elementor-element-655d92a elementor-widget elementor-widget-image\" data-id=\"655d92a\" data-element_type=\"widget\" data-widget_type=\"image.default\">\n\t\t\t\t<div class=\"elementor-widget-container\">\n\t\t\t\t\t\t\t\t\t\t\t\t\t<img loading=\"lazy\" decoding=\"async\" width=\"525\" height=\"372\" src=\"https:\/\/linventeur.group\/wp-content\/uploads\/2024\/05\/kuwait-1024x725.jpg\" class=\"attachment-large size-large wp-image-1542\" alt=\"\" srcset=\"https:\/\/linventeur.group\/wp-content\/uploads\/2024\/05\/kuwait-1024x725.jpg 1024w, https:\/\/linventeur.group\/wp-content\/uploads\/2024\/05\/kuwait-300x212.jpg 300w, https:\/\/linventeur.group\/wp-content\/uploads\/2024\/05\/kuwait-768x544.jpg 768w, https:\/\/linventeur.group\/wp-content\/uploads\/2024\/05\/kuwait-376x266.jpg 376w, https:\/\/linventeur.group\/wp-content\/uploads\/2024\/05\/kuwait-rotated.jpg 1170w\" sizes=\"(max-width: 525px) 100vw, 525px\" \/>\t\t\t\t\t\t\t\t\t\t\t\t\t<\/div>\n\t\t\t\t<\/div>\n\t\t\t\t<div class=\"elementor-element elementor-element-6d543f5 elementor-widget elementor-widget-image\" data-id=\"6d543f5\" data-element_type=\"widget\" data-widget_type=\"image.default\">\n\t\t\t\t<div class=\"elementor-widget-container\">\n\t\t\t\t\t\t\t\t\t\t\t\t\t<img loading=\"lazy\" decoding=\"async\" width=\"525\" height=\"375\" src=\"https:\/\/linventeur.group\/wp-content\/uploads\/2024\/05\/tunisie-1024x731.jpg\" class=\"attachment-large size-large wp-image-1541\" alt=\"\" srcset=\"https:\/\/linventeur.group\/wp-content\/uploads\/2024\/05\/tunisie-1024x731.jpg 1024w, https:\/\/linventeur.group\/wp-content\/uploads\/2024\/05\/tunisie-300x214.jpg 300w, https:\/\/linventeur.group\/wp-content\/uploads\/2024\/05\/tunisie-768x548.jpg 768w, https:\/\/linventeur.group\/wp-content\/uploads\/2024\/05\/tunisie-rotated.jpg 1154w\" sizes=\"(max-width: 525px) 100vw, 525px\" \/>\t\t\t\t\t\t\t\t\t\t\t\t\t<\/div>\n\t\t\t\t<\/div>\n\t\t\t\t\t<\/div>\n\t\t\t\t<\/div>\n\t\t\t\t<\/div>","protected":false},"excerpt":{"rendered":"<p>Amor Haouani Il \u00e9tait une fois, dans les ann\u00e9es 70 et 80, un enfant dont les yeux p\u00e9tillaient \u00e0 la vue de tout ce qui \u00e9tait \u00e9lectronique. Ce petit g\u00e9nie, c&#8217;\u00e9tait moi. D\u00e8s mon plus jeune \u00e2ge, je me plaisais \u00e0 d\u00e9monter et r\u00e9parer les machines, \u00e9merveill\u00e9 par les rouages et les circuits qui les [&hellip;]<\/p>","protected":false},"author":1,"featured_media":0,"parent":0,"menu_order":0,"comment_status":"closed","ping_status":"closed","template":"elementor_header_footer","meta":{"footnotes":""},"_links":{"self":[{"href":"https:\/\/linventeur.group\/ar\/wp-json\/wp\/v2\/pages\/1439"}],"collection":[{"href":"https:\/\/linventeur.group\/ar\/wp-json\/wp\/v2\/pages"}],"about":[{"href":"https:\/\/linventeur.group\/ar\/wp-json\/wp\/v2\/types\/page"}],"author":[{"embeddable":true,"href":"https:\/\/linventeur.group\/ar\/wp-json\/wp\/v2\/users\/1"}],"replies":[{"embeddable":true,"href":"https:\/\/linventeur.group\/ar\/wp-json\/wp\/v2\/comments?post=1439"}],"version-history":[{"count":33,"href":"https:\/\/linventeur.group\/ar\/wp-json\/wp\/v2\/pages\/1439\/revisions"}],"predecessor-version":[{"id":2059,"href":"https:\/\/linventeur.group\/ar\/wp-json\/wp\/v2\/pages\/1439\/revisions\/2059"}],"wp:attachment":[{"href":"https:\/\/linventeur.group\/ar\/wp-json\/wp\/v2\/media?parent=1439"}],"curies":[{"name":"wp","href":"https:\/\/api.w.org\/{rel}","templated":true}]}}